{"id":488,"date":"2026-03-31T02:17:36","date_gmt":"2026-03-31T02:17:36","guid":{"rendered":"https:\/\/3dfilaments.dk\/?post_type=product&#038;p=488"},"modified":"2026-03-31T02:26:30","modified_gmt":"2026-03-31T02:26:30","slug":"sunlu-pla-basic-filament-1-75mm-1kg-white","status":"publish","type":"product","link":"https:\/\/3dfilaments.dk\/index.php\/vare\/sunlu-pla-basic-filament-1-75mm-1kg-white\/","title":{"rendered":"Sunlu PLA Basic Filament &#8211; 1.75mm 1kg &#8211; White"},"content":{"rendered":"<p data-start=\"0\" data-end=\"19\"><strong data-start=\"0\" data-end=\"19\">N\u00f8glefunktioner<\/strong><\/p>\n<p data-start=\"21\" data-end=\"196\">Let at printe, h\u00f8j kompatibilitet<br data-start=\"54\" data-end=\"57\" \/>Milj\u00f8venlig og biologisk nedbrydelig<br data-start=\"93\" data-end=\"96\" \/>Ingen revner eller vridning. Lav krympning (0,3\u20130,5 %)<br data-start=\"150\" data-end=\"153\" \/>Begyndervenlig<br data-start=\"167\" data-end=\"170\" \/>Diameter: 1,75 \u00b1 0,02 mm<\/p>\n<p data-start=\"198\" data-end=\"218\"><strong data-start=\"198\" data-end=\"218\">Printtemperatur:<\/strong><\/p>\n<p data-start=\"220\" data-end=\"272\">200\u2013210 \u00b0C: 50\u2013100 mm\/s<br data-start=\"243\" data-end=\"246\" \/>210\u2013240 \u00b0C: 100\u2013200 mm\/s<\/p>\n<p data-start=\"274\" data-end=\"299\"><strong data-start=\"274\" data-end=\"299\">Byggepladetemperatur:<\/strong><\/p>\n<p data-start=\"301\" data-end=\"388\">Uden opvarmning: lim er p\u00e5kr\u00e6vet<br data-start=\"333\" data-end=\"336\" \/>Ved opvarmning til 50\u201360 \u00b0C: lim er ikke n\u00f8dvendig<\/p>\n<p data-start=\"390\" data-end=\"471\" data-is-last-node=\"\" data-is-only-node=\"\">Nettov\u00e6gt: 1 kg\/spole<br data-start=\"411\" data-end=\"414\" \/>Bruttov\u00e6gt: 1,3 kg\/spole<br data-start=\"438\" data-end=\"441\" \/>L\u00e6ngde: 1,75 mm (1 kg) = 330 m<\/p>\n<h1 data-start=\"0\" data-end=\"13\"><strong data-start=\"0\" data-end=\"13\">SUNLU PLA<\/strong><\/h1>\n<p data-start=\"15\" data-end=\"271\" data-is-last-node=\"\" data-is-only-node=\"\">Nyd en j\u00e6vn, p\u00e5lidelig og h\u00f8j kvalitet i din 3D-printning med SUNLU PLA. Dette filament er designet til daglig brug og kombinerer stabil ydeevne med fremragende v\u00e6rdi, hvilket g\u00f8r det til det oplagte valg for problemfri print og ensartet flotte resultater.<\/p>\n<div class=\"TyagGW_tableContainer\">\n<div class=\"group TyagGW_tableWrapper flex flex-col-reverse w-fit\" tabindex=\"-1\">\n<table class=\"w-fit min-w-(--thread-content-width)\" data-start=\"0\" data-end=\"392\">\n<thead data-start=\"0\" data-end=\"40\">\n<tr data-start=\"0\" data-end=\"40\">\n<th class=\"\" data-start=\"0\" data-end=\"36\" data-col-size=\"sm\"><strong data-start=\"2\" data-end=\"35\">Anbefalede printindstillinger<\/strong><\/th>\n<th class=\"\" data-start=\"36\" data-end=\"40\" data-col-size=\"md\"><\/th>\n<\/tr>\n<\/thead>\n<tbody data-start=\"115\" data-end=\"392\">\n<tr data-start=\"115\" data-end=\"148\">\n<td data-start=\"115\" data-end=\"139\" data-col-size=\"sm\">T\u00f8rringsindstillinger<\/td>\n<td data-col-size=\"md\" data-start=\"139\" data-end=\"148\">50 \u00b0C<\/td>\n<\/tr>\n<tr data-start=\"149\" data-end=\"231\">\n<td data-start=\"149\" data-end=\"189\" data-col-size=\"sm\">Luftfugtighed ved print og opbevaring<\/td>\n<td data-col-size=\"md\" data-start=\"189\" data-end=\"231\">&lt; 20 % RH (forseglet, med t\u00f8rremiddel)<\/td>\n<\/tr>\n<tr data-start=\"232\" data-end=\"304\">\n<td data-start=\"232\" data-end=\"249\" data-col-size=\"sm\">Dysetemperatur<\/td>\n<td data-col-size=\"md\" data-start=\"249\" data-end=\"304\">200\u2013210 \u00b0C: 50\u2013100 mm\/s<br \/>\n210\u2013240 \u00b0C: 100\u2013200 mm\/s<\/td>\n<\/tr>\n<tr data-start=\"305\" data-end=\"350\">\n<td data-start=\"305\" data-end=\"338\" data-col-size=\"sm\">Byggepladetemperatur (med lim)<\/td>\n<td data-col-size=\"md\" data-start=\"338\" data-end=\"350\">50\u201360 \u00b0C<\/td>\n<\/tr>\n<tr data-start=\"351\" data-end=\"392\">\n<td data-start=\"351\" data-end=\"374\" data-col-size=\"sm\">Omgivelsestemperatur<\/td>\n<td data-col-size=\"md\" data-start=\"374\" data-end=\"392\">Stuetemperatur<\/td>\n<\/tr>\n<\/tbody>\n<\/table>\n<\/div>\n<\/div>\n<div class=\"TyagGW_tableContainer\">\n<div class=\"group TyagGW_tableWrapper flex flex-col-reverse w-fit\" tabindex=\"-1\">\n<table class=\"w-fit min-w-(--thread-content-width)\" data-start=\"394\" data-end=\"630\">\n<thead data-start=\"394\" data-end=\"423\">\n<tr data-start=\"394\" data-end=\"423\">\n<th class=\"\" data-start=\"394\" data-end=\"419\" data-col-size=\"sm\"><strong data-start=\"396\" data-end=\"418\">Fysiske egenskaber<\/strong><\/th>\n<th class=\"\" data-start=\"419\" data-end=\"423\" data-col-size=\"sm\"><\/th>\n<\/tr>\n<\/thead>\n<tbody data-start=\"469\" data-end=\"630\">\n<tr data-start=\"469\" data-end=\"494\">\n<td data-start=\"469\" data-end=\"480\" data-col-size=\"sm\">Densitet<\/td>\n<td data-col-size=\"sm\" data-start=\"480\" data-end=\"494\">1,23 g\/cm\u00b3<\/td>\n<\/tr>\n<tr data-start=\"495\" data-end=\"534\">\n<td data-start=\"495\" data-end=\"525\" data-col-size=\"sm\">Vicat-bl\u00f8dg\u00f8ringstemperatur<\/td>\n<td data-col-size=\"sm\" data-start=\"525\" data-end=\"534\">54 \u00b0C<\/td>\n<\/tr>\n<tr data-start=\"535\" data-end=\"567\">\n<td data-start=\"535\" data-end=\"558\" data-col-size=\"sm\">Varmeafb\u00f8jning (HDT)<\/td>\n<td data-col-size=\"sm\" data-start=\"558\" data-end=\"567\">53 \u00b0C<\/td>\n<\/tr>\n<tr data-start=\"568\" data-end=\"592\">\n<td data-start=\"568\" data-end=\"582\" data-col-size=\"sm\">Smeltepunkt<\/td>\n<td data-col-size=\"sm\" data-start=\"582\" data-end=\"592\">164 \u00b0C<\/td>\n<\/tr>\n<tr data-start=\"593\" data-end=\"630\">\n<td data-start=\"593\" data-end=\"614\" data-col-size=\"sm\">Smelteindeks (MFR)<\/td>\n<td data-col-size=\"sm\" data-start=\"614\" data-end=\"630\">6,9 g\/10 min<\/td>\n<\/tr>\n<\/tbody>\n<\/table>\n<\/div>\n<\/div>\n<div class=\"TyagGW_tableContainer\">\n<div class=\"group TyagGW_tableWrapper flex flex-col-reverse w-fit\" tabindex=\"-1\">\n<table class=\"w-fit min-w-(--thread-content-width)\" data-start=\"632\" data-end=\"857\" data-is-last-node=\"\" data-is-only-node=\"\">\n<thead data-start=\"632\" data-end=\"663\">\n<tr data-start=\"632\" data-end=\"663\">\n<th class=\"\" data-start=\"632\" data-end=\"659\" data-col-size=\"sm\"><strong data-start=\"634\" data-end=\"658\">Mekaniske egenskaber<\/strong><\/th>\n<th class=\"\" data-start=\"659\" data-end=\"663\" data-col-size=\"sm\"><\/th>\n<\/tr>\n<\/thead>\n<tbody data-start=\"711\" data-end=\"857\" data-is-last-node=\"\">\n<tr data-start=\"711\" data-end=\"734\">\n<td data-start=\"711\" data-end=\"724\" data-col-size=\"sm\">Tr\u00e6kstyrke<\/td>\n<td data-col-size=\"sm\" data-start=\"724\" data-end=\"734\">61 MPa<\/td>\n<\/tr>\n<tr data-start=\"735\" data-end=\"762\">\n<td data-start=\"735\" data-end=\"753\" data-col-size=\"sm\">Brudforl\u00e6ngelse<\/td>\n<td data-col-size=\"sm\" data-start=\"753\" data-end=\"762\">3,1 %<\/td>\n<\/tr>\n<tr data-start=\"763\" data-end=\"786\">\n<td data-start=\"763\" data-end=\"776\" data-col-size=\"sm\">B\u00f8jestyrke<\/td>\n<td data-col-size=\"sm\" data-start=\"776\" data-end=\"786\">83 MPa<\/td>\n<\/tr>\n<tr data-start=\"787\" data-end=\"811\">\n<td data-start=\"787\" data-end=\"799\" data-col-size=\"sm\">B\u00f8jemodul<\/td>\n<td data-col-size=\"sm\" data-start=\"799\" data-end=\"811\">2240 MPa<\/td>\n<\/tr>\n<tr data-start=\"812\" data-end=\"857\" data-is-last-node=\"\">\n<td data-start=\"812\" data-end=\"844\" data-col-size=\"sm\">IZOD slagstyrke, hakket (X-Y)<\/td>\n<td data-col-size=\"sm\" data-start=\"844\" data-end=\"857\" data-is-last-node=\"\">3,9 kJ\/m\u00b2<\/td>\n<\/tr>\n<\/tbody>\n<\/table>\n<\/div>\n<\/div>\n<div class=\"TyagGW_tableContainer\"><\/div>\n","protected":false},"excerpt":{"rendered":"<p>N\u00f8glefunktioner Let at printe, h\u00f8j kompatibilitetMilj\u00f8venlig og biologisk nedbrydeligIngen revner eller vridning. Lav krympning (0,3\u20130,5 %)BegyndervenligDiameter: 1,75 \u00b1 0,02 mm Printtemperatur: 200\u2013210 \u00b0C: 50\u2013100 mm\/s210\u2013240 \u00b0C: 100\u2013200 mm\/s Byggepladetemperatur: Uden opvarmning: lim er p\u00e5kr\u00e6vetVed opvarmning til 50\u201360 \u00b0C: lim er ikke n\u00f8dvendig Nettov\u00e6gt: 1 kg\/spoleBruttov\u00e6gt: 1,3 kg\/spoleL\u00e6ngde: 1,75 mm (1 kg) = 330 m SUNLU [&hellip;]<\/p>\n","protected":false},"featured_media":489,"comment_status":"open","ping_status":"closed","template":"","meta":{"ocean_post_layout":"","ocean_both_sidebars_style":"","ocean_both_sidebars_content_width":0,"ocean_both_sidebars_sidebars_width":0,"ocean_sidebar":"0","ocean_second_sidebar":"0","ocean_disable_margins":"enable","ocean_add_body_class":"","ocean_shortcode_before_top_bar":"","ocean_shortcode_after_top_bar":"","ocean_shortcode_before_header":"","ocean_shortcode_after_header":"","ocean_has_shortcode":"","ocean_shortcode_after_title":"","ocean_shortcode_before_footer_widgets":"","ocean_shortcode_after_footer_widgets":"","ocean_shortcode_before_footer_bottom":"","ocean_shortcode_after_footer_bottom":"","ocean_display_top_bar":"default","ocean_display_header":"default","ocean_header_style":"","ocean_center_header_left_menu":"0","ocean_custom_header_template":"0","ocean_custom_logo":0,"ocean_custom_retina_logo":0,"ocean_custom_logo_max_width":0,"ocean_custom_logo_tablet_max_width":0,"ocean_custom_logo_mobile_max_width":0,"ocean_custom_logo_max_height":0,"ocean_custom_logo_tablet_max_height":0,"ocean_custom_logo_mobile_max_height":0,"ocean_header_custom_menu":"0","ocean_menu_typo_font_family":"0","ocean_menu_typo_font_subset":"","ocean_menu_typo_font_size":0,"ocean_menu_typo_font_size_tablet":0,"ocean_menu_typo_font_size_mobile":0,"ocean_menu_typo_font_size_unit":"px","ocean_menu_typo_font_weight":"","ocean_menu_typo_font_weight_tablet":"","ocean_menu_typo_font_weight_mobile":"","ocean_menu_typo_transform":"","ocean_menu_typo_transform_tablet":"","ocean_menu_typo_transform_mobile":"","ocean_menu_typo_line_height":0,"ocean_menu_typo_line_height_tablet":0,"ocean_menu_typo_line_height_mobile":0,"ocean_menu_typo_line_height_unit":"","ocean_menu_typo_spacing":0,"ocean_menu_typo_spacing_tablet":0,"ocean_menu_typo_spacing_mobile":0,"ocean_menu_typo_spacing_unit":"","ocean_menu_link_color":"","ocean_menu_link_color_hover":"","ocean_menu_link_color_active":"","ocean_menu_link_background":"","ocean_menu_link_hover_background":"","ocean_menu_link_active_background":"","ocean_menu_social_links_bg":"","ocean_menu_social_hover_links_bg":"","ocean_menu_social_links_color":"","ocean_menu_social_hover_links_color":"","ocean_disable_title":"default","ocean_disable_heading":"default","ocean_post_title":"","ocean_post_subheading":"","ocean_post_title_style":"","ocean_post_title_background_color":"","ocean_post_title_background":0,"ocean_post_title_bg_image_position":"","ocean_post_title_bg_image_attachment":"","ocean_post_title_bg_image_repeat":"","ocean_post_title_bg_image_size":"","ocean_post_title_height":0,"ocean_post_title_bg_overlay":0.5,"ocean_post_title_bg_overlay_color":"","ocean_disable_breadcrumbs":"default","ocean_breadcrumbs_color":"","ocean_breadcrumbs_separator_color":"","ocean_breadcrumbs_links_color":"","ocean_breadcrumbs_links_hover_color":"","ocean_display_footer_widgets":"default","ocean_display_footer_bottom":"default","ocean_custom_footer_template":"0"},"product_brand":[121],"product_cat":[120],"product_tag":[104,122,123],"class_list":{"0":"post-488","1":"product","2":"type-product","3":"status-publish","4":"has-post-thumbnail","6":"product_brand-sunlu","7":"product_cat-sunlu-pla-basic","8":"product_tag-filament","9":"product_tag-sunlu","10":"product_tag-sunlu-pla-basic","12":"entry","13":"has-media","15":"first","16":"instock","17":"taxable","18":"shipping-taxable","19":"purchasable","20":"product-type-simple","21":"has-product-nav","22":"col","23":"span_1_of_3","24":"owp-content-center","25":"owp-thumbs-layout-horizontal","26":"owp-btn-normal","27":"owp-tabs-layout-horizontal","28":"has-no-thumbnails","30":"circle-sale"},"supplier_id":null,"supplier_sku":"","barcode":null,"atum_controlled":true,"out_stock_date":null,"out_stock_threshold":null,"inheritable":false,"inbound_stock":null,"stock_on_hold":0,"sold_today":0,"sales_last_days":0,"reserved_stock":null,"customer_returns":null,"warehouse_damage":null,"lost_in_post":null,"other_logs":null,"out_stock_days":0,"lost_sales":0,"has_location":false,"update_date":"2026-04-18T16:23:36","atum_locations":[],"atum_stock_status":"instock","restock_status":false,"low_stock_amount":"","sales_update_date":"2026-04-18T16:23:36","calc_backorders":null,"_links":{"self":[{"href":"https:\/\/3dfilaments.dk\/index.php\/wp-json\/wp\/v2\/product\/488","targetHints":{"allow":["GET"]}}],"collection":[{"href":"https:\/\/3dfilaments.dk\/index.php\/wp-json\/wp\/v2\/product"}],"about":[{"href":"https:\/\/3dfilaments.dk\/index.php\/wp-json\/wp\/v2\/types\/product"}],"replies":[{"embeddable":true,"href":"https:\/\/3dfilaments.dk\/index.php\/wp-json\/wp\/v2\/comments?post=488"}],"wp:featuredmedia":[{"embeddable":true,"href":"https:\/\/3dfilaments.dk\/index.php\/wp-json\/wp\/v2\/media\/489"}],"wp:attachment":[{"href":"https:\/\/3dfilaments.dk\/index.php\/wp-json\/wp\/v2\/media?parent=488"}],"wp:term":[{"taxonomy":"product_brand","embeddable":true,"href":"https:\/\/3dfilaments.dk\/index.php\/wp-json\/wp\/v2\/product_brand?post=488"},{"taxonomy":"product_cat","embeddable":true,"href":"https:\/\/3dfilaments.dk\/index.php\/wp-json\/wp\/v2\/product_cat?post=488"},{"taxonomy":"product_tag","embeddable":true,"href":"https:\/\/3dfilaments.dk\/index.php\/wp-json\/wp\/v2\/product_tag?post=488"}],"curies":[{"name":"wp","href":"https:\/\/api.w.org\/{rel}","templated":true}]}}